{"id":10,"date":"2020-05-20T14:29:31","date_gmt":"2020-05-20T12:29:31","guid":{"rendered":"https:\/\/skservices.de\/w\/?page_id=10"},"modified":"2020-07-22T08:01:31","modified_gmt":"2020-07-22T06:01:31","slug":"datenschutzerklaerung","status":"publish","type":"page","link":"https:\/\/skservices.de\/w\/datenschutzerklaerung\/","title":{"rendered":"Datenschutzerkl\u00e4rung"},"content":{"rendered":"\n<p>Wir bedankt uns f\u00fcr Ihren Besuch auf unserer Webseite und f\u00fcr Ihr Interesse an unserem Projekt. Der Schutz Ihrer Privatsph\u00e4re bei der Verarbeitung pers\u00f6nlicher Daten ist uns sehr wichtig. Wir verarbeiten pers\u00f6nliche Daten, die beim Besuch unserer Webseite erhoben werden, gem\u00e4\u00df den datenschutzrechtlichen Bestimmungen. Beachten Sie bitte, dass unsere Internetseite Links zu Webseiten anderer Anbieter enthalten k\u00f6nnen, auf die sich diese Datenschutzerkl\u00e4rung nicht erstreckt.<\/p>\n\n\n\n<p>Verantwortliche Stelle im Sinne der Datenschutzgesetze, insbesondere der EU-Datenschutzgrundverordnung (DSGVO), ist: <\/p>\n\n\n\n<p>Simon Klaschka<\/p>\n\n\n\n<p>SKServices.de ist ein privates Projekt, die genutzte Domain wird Betrieben von Simon Klaschka.<\/p>\n\n\n\n<p>f\u00fcr eine Kontaktaufnahme wenden Sie sich bitte schriftlich per E-Mail oder \u00fcber das Kontaktformular an mich.<\/p>\n\n\n\n<p class=\"has-text-align-center\">info (at) skservices.de<br><a href=\"\/w\/kontakt\">Kontaktformular<\/a><\/p>\n","protected":false},"excerpt":{"rendered":"<p>Wir bedankt uns f\u00fcr Ihren Besuch auf unserer Webseite und f\u00fcr Ihr Interesse an unserem Projekt. Der Schutz Ihrer Privatsph\u00e4re bei der Verarbeitung pers\u00f6nlicher Daten ist uns sehr wichtig. Wir verarbeiten pers\u00f6nliche Daten, die beim Besuch unserer Webseite erhoben werden, gem\u00e4\u00df den datenschutzrechtlichen Bestimmungen. Beachten Sie bitte, dass unsere Internetseite Links zu Webseiten anderer Anbieter [&hellip;]<\/p>\n","protected":false},"author":1,"featured_media":0,"parent":0,"menu_order":0,"comment_status":"closed","ping_status":"closed","template":"","meta":{"footnotes":""},"class_list":["post-10","page","type-page","status-publish","hentry"],"_links":{"self":[{"href":"https:\/\/skservices.de\/w\/wp-json\/wp\/v2\/pages\/10","targetHints":{"allow":["GET"]}}],"collection":[{"href":"https:\/\/skservices.de\/w\/wp-json\/wp\/v2\/pages"}],"about":[{"href":"https:\/\/skservices.de\/w\/wp-json\/wp\/v2\/types\/page"}],"author":[{"embeddable":true,"href":"https:\/\/skservices.de\/w\/wp-json\/wp\/v2\/users\/1"}],"replies":[{"embeddable":true,"href":"https:\/\/skservices.de\/w\/wp-json\/wp\/v2\/comments?post=10"}],"version-history":[{"count":7,"href":"https:\/\/skservices.de\/w\/wp-json\/wp\/v2\/pages\/10\/revisions"}],"predecessor-version":[{"id":762,"href":"https:\/\/skservices.de\/w\/wp-json\/wp\/v2\/pages\/10\/revisions\/762"}],"wp:attachment":[{"href":"https:\/\/skservices.de\/w\/wp-json\/wp\/v2\/media?parent=10"}],"curies":[{"name":"wp","href":"https:\/\/api.w.org\/{rel}","templated":true}]}}