{"id":6,"date":"2020-05-20T14:25:01","date_gmt":"2020-05-20T12:25:01","guid":{"rendered":"https:\/\/skservices.de\/w\/?page_id=6"},"modified":"2020-07-22T08:02:52","modified_gmt":"2020-07-22T06:02:52","slug":"impressum","status":"publish","type":"page","link":"https:\/\/skservices.de\/w\/impressum\/","title":{"rendered":"Impressum"},"content":{"rendered":"\n<p>SKServices.de ist ein privates Projekt, die genutzte Domain wird Betrieben von: <\/p>\n\n\n\n<p>Simon Klaschka<\/p>\n\n\n\n<p>f\u00fcr eine Kontaktaufnahme wenden Sie sich bitte schriftlich per E-Mail oder \u00fcber das Kontaktformular an mich.<\/p>\n\n\n\n<p class=\"has-text-align-center\">info (at) skservices.de<br><a href=\"\/w\/kontakt\">Kontakformular<\/a><\/p>\n\n\n\n<p>SKServices \u00fcbernimmt keinerlei Gew\u00e4hr f\u00fcr die Aktualit\u00e4t, Korrektheit, Vollst\u00e4ndigkeit oder Qualit\u00e4t der bereitgestellten Informationen. Alle Angebote sind frei bleibend und unverbindlich. Trotz sorgf\u00e4ltiger inhaltlicher Kontrolle \u00fcbernehmen wir keine Haftung f\u00fcr die Inhalte externer Links. F\u00fcr den Inhalt der verlinkten Seiten sind ausschlie\u00dflich deren Betreiber verantwortlich. Inhalt und Struktur dieser Website unterliegen dem Schutz des Urheberrechts. Die \u00dcbernahme und Nutzung der Daten bedarf der schriftlichen Zustimmung.<\/p>\n\n\n\n<hr class=\"wp-block-separator\"\/>\n","protected":false},"excerpt":{"rendered":"<p>SKServices.de ist ein privates Projekt, die genutzte Domain wird Betrieben von: Simon Klaschka f\u00fcr eine Kontaktaufnahme wenden Sie sich bitte schriftlich per E-Mail oder \u00fcber das Kontaktformular an mich. info (at) skservices.deKontakformular SKServices \u00fcbernimmt keinerlei Gew\u00e4hr f\u00fcr die Aktualit\u00e4t, Korrektheit, Vollst\u00e4ndigkeit oder Qualit\u00e4t der bereitgestellten Informationen. Alle Angebote sind frei bleibend und unverbindlich. Trotz sorgf\u00e4ltiger [&hellip;]<\/p>\n","protected":false},"author":1,"featured_media":0,"parent":0,"menu_order":0,"comment_status":"closed","ping_status":"closed","template":"","meta":{"footnotes":""},"class_list":["post-6","page","type-page","status-publish","hentry"],"_links":{"self":[{"href":"https:\/\/skservices.de\/w\/wp-json\/wp\/v2\/pages\/6","targetHints":{"allow":["GET"]}}],"collection":[{"href":"https:\/\/skservices.de\/w\/wp-json\/wp\/v2\/pages"}],"about":[{"href":"https:\/\/skservices.de\/w\/wp-json\/wp\/v2\/types\/page"}],"author":[{"embeddable":true,"href":"https:\/\/skservices.de\/w\/wp-json\/wp\/v2\/users\/1"}],"replies":[{"embeddable":true,"href":"https:\/\/skservices.de\/w\/wp-json\/wp\/v2\/comments?post=6"}],"version-history":[{"count":7,"href":"https:\/\/skservices.de\/w\/wp-json\/wp\/v2\/pages\/6\/revisions"}],"predecessor-version":[{"id":763,"href":"https:\/\/skservices.de\/w\/wp-json\/wp\/v2\/pages\/6\/revisions\/763"}],"wp:attachment":[{"href":"https:\/\/skservices.de\/w\/wp-json\/wp\/v2\/media?parent=6"}],"curies":[{"name":"wp","href":"https:\/\/api.w.org\/{rel}","templated":true}]}}